{"id":129,"date":"2019-03-20T04:12:33","date_gmt":"2019-03-20T04:12:33","guid":{"rendered":"https:\/\/goya.everthemes.com\/demo-fashion\/?page_id=129"},"modified":"2026-01-15T19:56:20","modified_gmt":"2026-01-15T19:56:20","slug":"about-us","status":"publish","type":"page","link":"https:\/\/zeniratelier.com\/?page_id=129","title":{"rendered":"Hakk\u0131m\u0131zda"},"content":{"rendered":"<div class=\"wpb-content-wrapper\">[vc_row et_full_width=&#8221;true&#8221; et_row_padding=&#8221;true&#8221; full_height=&#8221;yes&#8221; columns_placement=&#8221;stretch&#8221; equal_height=&#8221;yes&#8221; content_placement=&#8221;middle&#8221; css=&#8221;.vc_custom_1579973351197{padding-top: 80px !important;padding-bottom: 80px !important;background: #f4f4f4 url(https:\/\/goya.b-cdn.net\/assets\/demo\/content\/uploads\/sites\/3\/2020\/01\/banner-cashmere.jpg?id=3923) !important;background-position: center !important;background-repeat: no-repeat !important;background-size: cover !important;}&#8221; el_class=&#8221;video-bg-row&#8221;][vc_column][vc_row_inner et_max_width=&#8221;&#8221; equal_height=&#8221;yes&#8221; content_placement=&#8221;middle&#8221; css=&#8221;.vc_custom_1562734895463{background-position: center !important;background-repeat: no-repeat !important;background-size: cover !important;}&#8221;][vc_column_inner width=&#8221;1\/2&#8243; css=&#8221;.vc_custom_1562725835995{padding-top: 20% !important;padding-right: 20% !important;padding-bottom: 20% !important;padding-left: 20% !important;}&#8221;][vc_column_text css=&#8221;.vc_custom_1768422945857{margin-top: 30px !important;}&#8221; animation=&#8221;animation bottom-to-top&#8221;]\n<h1 style=\"text-align: center;\">Zenir Atelier<\/h1>\n<blockquote>\n<p data-start=\"427\" data-end=\"470\">Zenir Atelier, s\u0131n\u0131rl\u0131 \u00fcretim prensibiyle \u00e7al\u0131\u015fan ba\u011f\u0131ms\u0131z bir deri at\u00f6lyesidir.<br data-start=\"502\" data-end=\"505\" \/>T\u00fcm \u00fcr\u00fcnler tasar\u0131mdan son diki\u015fe kadar tek bir at\u00f6lyede, elde \u00fcretilir ve her model bilin\u00e7li olarak k\u0131s\u0131tl\u0131 say\u0131da var edilir.<\/p>\n<\/blockquote>\n<p data-start=\"427\" data-end=\"470\">Zenir\u2019de bir tasar\u0131m s\u00fcreci, \u201cka\u00e7 adet satar\u201d sorusuyla ba\u015flamaz.<br data-start=\"699\" data-end=\"702\" \/>Form, kullan\u0131m ve oran \u00e7\u00f6z\u00fcld\u00fckten sonra \u00fcretim adedi belirlenir.<br data-start=\"767\" data-end=\"770\" \/>Ayn\u0131 renkten en fazla iki adet \u00fcretilir, renkler tekrar edilmez ve bir model belirlenen say\u0131ya ula\u015ft\u0131\u011f\u0131nda \u00fcretim sona erer.<\/p>\n[\/vc_column_text][\/vc_column_inner][\/vc_row_inner][\/vc_column][\/vc_row][vc_row et_full_width=&#8221;true&#8221; et_row_padding=&#8221;true&#8221; css=&#8221;.vc_custom_1588128835660{padding-top: 60px !important;padding-bottom: 60px !important;}&#8221;][vc_column][vc_row_inner content_placement=&#8221;middle&#8221; el_class=&#8221;align-center&#8221;][vc_column_inner animation=&#8221;animation right-to-left&#8221; offset=&#8221;vc_col-md-5&#8243; css=&#8221;.vc_custom_1578532669392{padding-top: 40px !important;}&#8221;][vc_column_text css=&#8221;&#8221;]\n<h5 class=\"fancy-title\">Tasar\u0131m dili; net hatlar, dengeli oranlar ve g\u00f6steri\u015ften uzak g\u00fc\u00e7l\u00fc detaylar \u00fczerine kuruludur.<br data-start=\"991\" data-end=\"994\" \/>Zenir, trendleri takip etmez ve sezon kavram\u0131na g\u00f6re \u015fekillenmez.<br data-start=\"1059\" data-end=\"1062\" \/>\u00dcr\u00fcnler k\u0131sa vadeli yenilik i\u00e7in de\u011fil, uzun s\u00fcreli kullan\u0131m i\u00e7in tasarlan\u0131r.<\/h5>\n[\/vc_column_text][\/vc_column_inner][\/vc_row_inner][\/vc_column][\/vc_row][vc_row et_full_width=&#8221;true&#8221; et_row_padding=&#8221;true&#8221; css=&#8221;.vc_custom_1588129008197{padding-top: 80px !important;padding-bottom: 45px !important;background-color: #f2f2f2 !important;}&#8221;][vc_column][vc_row_inner et_column_align=&#8221;align-center&#8221; equal_height=&#8221;yes&#8221; el_class=&#8221;align-center&#8221;][vc_column_inner animation=&#8221;animation bottom-to-top&#8221; offset=&#8221;vc_col-lg-4&#8243;][vc_column_text css=&#8221;&#8221;]\n<p data-start=\"1141\" data-end=\"1384\">At\u00f6lyede kullan\u0131lan t\u00fcm teknikler \u2014 kesim, kenar boyama, diki\u015f ve y\u00fczey i\u015flemleri \u2014 dayan\u0131kl\u0131l\u0131k ve zamanla karakter kazanma hedefiyle uygulan\u0131r.<br data-start=\"1286\" data-end=\"1289\" \/>Zenir \u00fcr\u00fcnleri kusursuz kalmak i\u00e7in de\u011fil; <strong data-start=\"1332\" data-end=\"1369\">kullan\u0131ld\u0131k\u00e7a ki\u015fisel h\u00e2le gelmek<\/strong> i\u00e7in \u00fcretilir.<\/p>\n<p data-start=\"1386\" data-end=\"1584\">Zenir Atelier, herkese hitap etmeyi ama\u00e7lamaz.<br data-start=\"1432\" data-end=\"1435\" \/>Tekrarlanabilir, \u00e7o\u011falt\u0131labilir ya da kolay eri\u015filebilir olmay\u0131 hedeflemez.<br data-start=\"1510\" data-end=\"1513\" \/>Zenir\u2019i se\u00e7mek, bir trendi de\u011fil; <strong data-start=\"1547\" data-end=\"1570\">bilin\u00e7li bir tercih<\/strong>i temsil eder.<\/p>\n[\/vc_column_text][\/vc_column_inner][\/vc_row_inner][\/vc_column][\/vc_row][vc_row et_full_width=&#8221;true&#8221; et_row_padding=&#8221;true&#8221; css=&#8221;.vc_custom_1588128887000{padding-top: 60px !important;padding-bottom: 60px !important;}&#8221;][vc_column][\/vc_column][\/vc_row][vc_row et_full_width=&#8221;true&#8221; css=&#8221;.vc_custom_1579114943204{padding-top: 80px !important;padding-bottom: 60px !important;background-color: #f6f6f6 !important;}&#8221;][vc_column][vc_row_inner et_column_align=&#8221;align-center&#8221; css=&#8221;.vc_custom_1578532916555{margin-bottom: 25px !important;}&#8221;][vc_column_inner animation=&#8221;animation bottom-to-top&#8221; offset=&#8221;vc_col-lg-6&#8243;][vc_column_text css=&#8221;&#8221;]\n<h5 class=\"fancy-title\" style=\"text-align: center;\">Zenir Atelier Prensipleri<\/h5>\n<p data-start=\"189\" data-end=\"376\"><strong data-start=\"189\" data-end=\"234\">1. S\u0131n\u0131rl\u0131 \u00dcretim, Ba\u015ftan Kararla\u015ft\u0131r\u0131l\u0131r<\/strong><br data-start=\"234\" data-end=\"237\" \/>Zenir\u2019de bir \u00fcr\u00fcn\u00fcn ka\u00e7 kez \u00fcretilece\u011fi, tasar\u0131m s\u00fcreci ba\u015flamadan \u00f6nce belirlenir.<br data-start=\"320\" data-end=\"323\" \/>Adet sonradan art\u0131r\u0131lmaz, talep \u00fcretimi y\u00f6nlendirmez.<\/p>\n<p data-start=\"378\" data-end=\"497\"><strong data-start=\"378\" data-end=\"404\">2. Renk Tekrar Edilmez<\/strong><br data-start=\"404\" data-end=\"407\" \/>Ayn\u0131 renk, ayn\u0131 modelde yeniden \u00fcretilmez.<br data-start=\"449\" data-end=\"452\" \/>Her renk, o tasar\u0131m\u0131n tekil bir versiyonudur.<\/p>\n<p data-start=\"499\" data-end=\"649\"><strong data-start=\"499\" data-end=\"537\">3. Tasar\u0131m Trendlerden Ba\u011f\u0131ms\u0131zd\u0131r<\/strong><br data-start=\"537\" data-end=\"540\" \/>Zenir, sezonlara g\u00f6re \u015fekillenmez.<br data-start=\"574\" data-end=\"577\" \/>Form, oran ve kullan\u0131m \u00f6nceliklidir; ge\u00e7ici estetikler referans al\u0131nmaz.<\/p>\n<p data-start=\"651\" data-end=\"808\"><strong data-start=\"651\" data-end=\"684\">4. \u00dcr\u00fcn Zamanla De\u011fer Kazan\u0131r<\/strong><br data-start=\"684\" data-end=\"687\" \/>Zenir par\u00e7alar\u0131 yeni kalmak i\u00e7in de\u011fil, kullan\u0131lmak i\u00e7in tasarlan\u0131r.<br data-start=\"755\" data-end=\"758\" \/>\u0130z almak ve de\u011fi\u015fmek, \u00fcr\u00fcn\u00fcn do\u011fas\u0131n\u0131n par\u00e7as\u0131d\u0131r.<\/p>\n<p data-start=\"810\" data-end=\"964\"><strong data-start=\"810\" data-end=\"843\">5. Zenir Herkese Ait De\u011fildir<\/strong><br data-start=\"843\" data-end=\"846\" \/>Zenir, geni\u015f kitlelere hitap etme amac\u0131 ta\u015f\u0131maz.<br data-start=\"894\" data-end=\"897\" \/>Bir \u00fcr\u00fcn\u00fc se\u00e7mek, markay\u0131 de\u011fil; <strong data-start=\"930\" data-end=\"948\">bu prensipleri<\/strong> kabul etmektir.<\/p>\n[\/vc_column_text][\/vc_column_inner][\/vc_row_inner][vc_row_inner et_column_align=&#8221;align-center&#8221;][vc_column_inner animation=&#8221;animation bottom-to-top&#8221; offset=&#8221;vc_col-lg-8&#8243;]\t<div id=\"et-icon-holder-583\" class=\"et-icon-holder row center-true lg-block-grid-3 md-block-grid-2 block-grid-1 \">\n\t\t\r\n\t<div id=\"et-iconbox-988\" class=\"et-iconbox layout-centered icon-style-simple bottom-spacing-none icon-color- text-color-  \"> \r\n\t\t<div class=\"et-icon-inner\">\r\n\t\t\t\t\t\t<figure class=\"et-feature-icon\">\r\n\t\t\t\t\t\t\t\t<span class=\"pe-7s-trash\"><\/span>\r\n\t\t\t\t\t\t\t<\/figure>\r\n\t\t\t\t\t\t<div class=\"et-feature-content\"> \r\n\t\t\t\t\t\t\t\t\t\t\t\t\t\t\t\t\t<h4 class=\"title\">Cruises &amp; Water Tours<\/h4>\r\n\t\t\t\t\t\t\t\t\t\t\t\t<div class=\"wpb_text_column\"><p>Sustainable direct trade paleo semiotics.<\/p>\n<\/div>\r\n\t\t\t<\/div>\r\n\t\t<\/div>\r\n\t<\/div>\r\n\r\n\t\r\n\t<div id=\"et-iconbox-117\" class=\"et-iconbox layout-centered icon-style-simple bottom-spacing-none icon-color- text-color-  \"> \r\n\t\t<div class=\"et-icon-inner\">\r\n\t\t\t\t\t\t<figure class=\"et-feature-icon\">\r\n\t\t\t\t\t\t\t\t<span class=\"pe-7s-signal\"><\/span>\r\n\t\t\t\t\t\t\t<\/figure>\r\n\t\t\t\t\t\t<div class=\"et-feature-content\"> \r\n\t\t\t\t\t\t\t\t\t\t\t\t\t\t\t\t\t<h4 class=\"title\">Night Life<\/h4>\r\n\t\t\t\t\t\t\t\t\t\t\t\t<div class=\"wpb_text_column\"><p>Master cleanse franzen a bird brooklyn.<\/p>\n<\/div>\r\n\t\t\t<\/div>\r\n\t\t<\/div>\r\n\t<\/div>\r\n\r\n\t\r\n\t<div id=\"et-iconbox-716\" class=\"et-iconbox layout-centered icon-style-simple bottom-spacing-none icon-color- text-color-  \"> \r\n\t\t<div class=\"et-icon-inner\">\r\n\t\t\t\t\t\t<figure class=\"et-feature-icon\">\r\n\t\t\t\t\t\t\t\t<span class=\"pe-7s-share\"><\/span>\r\n\t\t\t\t\t\t\t<\/figure>\r\n\t\t\t\t\t\t<div class=\"et-feature-content\"> \r\n\t\t\t\t\t\t\t\t\t\t\t\t\t\t\t\t\t<h4 class=\"title\">Hiking<\/h4>\r\n\t\t\t\t\t\t\t\t\t\t\t\t<div class=\"wpb_text_column\"><p>Gluten-free ramps iPhone etsy coffee.<\/p>\n<\/div>\r\n\t\t\t<\/div>\r\n\t\t<\/div>\r\n\t<\/div>\r\n\r\n\t\t<\/div>\n\t[\/vc_column_inner][\/vc_row_inner][\/vc_column][\/vc_row]\n<\/div>","protected":false},"excerpt":{"rendered":"<p>[vc_row et_full_width=&#8221;true&#8221; et_row_padding=&#8221;true&#8221; full_height=&#8221;yes&#8221; columns_placement=&#8221;stretch&#8221; equal_height=&#8221;yes&#8221; content_placement=&#8221;middle&#8221; css=&#8221;.vc_custom_1579973351197{padding-top: 80px !important;padding-bottom: 80px !important;background: #f4f4f4 url(https:\/\/goya.b-cdn.net\/assets\/demo\/content\/uploads\/sites\/3\/2020\/01\/banner-cashmere.jpg?id=3923) !important;background-position: center !important;background-repeat: no-repeat !important;background-size: cover !important;}&#8221; el_class=&#8221;video-bg-row&#8221;][vc_column][vc_row_inner et_max_width=&#8221;&#8221; equal_height=&#8221;yes&#8221; content_placement=&#8221;middle&#8221; css=&#8221;.vc_custom_1562734895463{background-position: center !important;background-repeat: no-repeat !important;background-size: cover !important;}&#8221;][vc_column_inner width=&#8221;1\/2&#8243; css=&#8221;.vc_custom_1562725835995{padding-top: 20% !important;padding-right: 20% !important;padding-bottom: 20% !important;padding-left: 20% !important;}&#8221;][vc_column_text css=&#8221;.vc_custom_1768422945857{margin-top: 30px !important;}&#8221; animation=&#8221;animation bottom-to-top&#8221;] Zenir Atelier Zenir [&hellip;]<\/p>\n","protected":false},"author":1,"featured_media":0,"parent":0,"menu_order":0,"comment_status":"closed","ping_status":"closed","template":"","meta":{"footnotes":""},"class_list":["post-129","page","type-page","status-publish","hentry"],"jetpack_sharing_enabled":true,"_links":{"self":[{"href":"https:\/\/zeniratelier.com\/index.php?rest_route=\/wp\/v2\/pages\/129","targetHints":{"allow":["GET"]}}],"collection":[{"href":"https:\/\/zeniratelier.com\/index.php?rest_route=\/wp\/v2\/pages"}],"about":[{"href":"https:\/\/zeniratelier.com\/index.php?rest_route=\/wp\/v2\/types\/page"}],"author":[{"embeddable":true,"href":"https:\/\/zeniratelier.com\/index.php?rest_route=\/wp\/v2\/users\/1"}],"replies":[{"embeddable":true,"href":"https:\/\/zeniratelier.com\/index.php?rest_route=%2Fwp%2Fv2%2Fcomments&post=129"}],"version-history":[{"count":9,"href":"https:\/\/zeniratelier.com\/index.php?rest_route=\/wp\/v2\/pages\/129\/revisions"}],"predecessor-version":[{"id":4112,"href":"https:\/\/zeniratelier.com\/index.php?rest_route=\/wp\/v2\/pages\/129\/revisions\/4112"}],"wp:attachment":[{"href":"https:\/\/zeniratelier.com\/index.php?rest_route=%2Fwp%2Fv2%2Fmedia&parent=129"}],"curies":[{"name":"wp","href":"https:\/\/api.w.org\/{rel}","templated":true}]}}