{"id":1618,"date":"2019-04-26T22:12:57","date_gmt":"2019-04-26T22:12:57","guid":{"rendered":"https:\/\/goya.everthemes.com\/demo-fashion\/?page_id=1618"},"modified":"2026-04-15T18:06:04","modified_gmt":"2026-04-15T18:06:04","slug":"home-full-screen-slider","status":"publish","type":"page","link":"https:\/\/zeniratelier.com\/?page_id=1618","title":{"rendered":"Home &#8211; Full Screen Slider"},"content":{"rendered":"<div class=\"wpb-content-wrapper\">[vc_row et_full_width=&#8221;true&#8221; et_row_padding=&#8221;true&#8221;][vc_column]<div id=\"et-banner-slider-69e1a103610f6\" class=\"et-banner-slider slick slick-slider slick-controls-gray slick-dots-inside\" data-navigation=\"true\" data-pagination=\"true\" data-autoplay=\"true\" data-autoplay-speed=\"4000\" data-infinite=\"true\" data-pause=\"true\" data-columns=\"1\" >\r\n\t\t<div class=\"et-banner-69e1a1036117c et-banner content-full  image-type-fluid has-alt-image text-color-dark hover-effect  \" ><img loading=\"lazy\" decoding=\"async\" width=\"2560\" height=\"1280\" src=\"https:\/\/zeniratelier.com\/wp-content\/uploads\/2026\/02\/zamansiz-scaled.png\" class=\"et-banner-main-image\" alt=\"\" sizes=\"auto, (max-width: 2560px) 100vw, 2560px\" srcset=\"https:\/\/zeniratelier.com\/wp-content\/uploads\/2026\/02\/zamansiz-scaled.png 2560w, https:\/\/zeniratelier.com\/wp-content\/uploads\/2026\/02\/zamansiz-300x150.png 300w, https:\/\/zeniratelier.com\/wp-content\/uploads\/2026\/02\/zamansiz-1024x512.png 1024w, https:\/\/zeniratelier.com\/wp-content\/uploads\/2026\/02\/zamansiz-768x384.png 768w, https:\/\/zeniratelier.com\/wp-content\/uploads\/2026\/02\/zamansiz-1536x768.png 1536w, https:\/\/zeniratelier.com\/wp-content\/uploads\/2026\/02\/zamansiz-2048x1024.png 2048w, https:\/\/zeniratelier.com\/wp-content\/uploads\/2026\/02\/zamansiz-1320x660.png 1320w, https:\/\/zeniratelier.com\/wp-content\/uploads\/2026\/02\/zamansiz-450x225.png 450w, https:\/\/zeniratelier.com\/wp-content\/uploads\/2026\/02\/zamansiz-900x450.png 900w\" \/><img loading=\"lazy\" decoding=\"async\" width=\"2560\" height=\"1280\" src=\"https:\/\/zeniratelier.com\/wp-content\/uploads\/2026\/02\/zamansiz-scaled.png\" class=\"et-banner-alt-image\" alt=\"\" srcset=\"https:\/\/zeniratelier.com\/wp-content\/uploads\/2026\/02\/zamansiz-scaled.png 2560w, https:\/\/zeniratelier.com\/wp-content\/uploads\/2026\/02\/zamansiz-300x150.png 300w, https:\/\/zeniratelier.com\/wp-content\/uploads\/2026\/02\/zamansiz-1024x512.png 1024w, https:\/\/zeniratelier.com\/wp-content\/uploads\/2026\/02\/zamansiz-768x384.png 768w, https:\/\/zeniratelier.com\/wp-content\/uploads\/2026\/02\/zamansiz-1536x768.png 1536w, https:\/\/zeniratelier.com\/wp-content\/uploads\/2026\/02\/zamansiz-2048x1024.png 2048w, https:\/\/zeniratelier.com\/wp-content\/uploads\/2026\/02\/zamansiz-1320x660.png 1320w, https:\/\/zeniratelier.com\/wp-content\/uploads\/2026\/02\/zamansiz-450x225.png 450w, https:\/\/zeniratelier.com\/wp-content\/uploads\/2026\/02\/zamansiz-900x450.png 900w\" sizes=\"auto, (max-width: 2560px) 100vw, 2560px\" \/>\r\n\t\t<\/div><\/div>[\/vc_column][\/vc_row][vc_row et_full_width=&#8221;true&#8221; et_row_padding=&#8221;true&#8221; disable_element=&#8221;yes&#8221;][vc_column]\n\t\t\t\t<p class=\"rs-p-wp-fix\"><\/p>\n\t\t\t\t<sr7-module data-alias=\"home-6\" data-id=\"1\" id=\"SR7_1_1\" class=\"rs-ov-hidden\" data-version=\"6.7.39\">\n\t\t\t\t\t<sr7-adjuster><\/sr7-adjuster>\n\t\t\t\t\t<sr7-content>\n\t\t\t\t\t\t<sr7-slide id=\"SR7_1_1-1\" data-key=\"1\">\n\t\t\t\t\t\t\t<sr7-bg id=\"SR7_1_1-1-4\" class=\"sr7-layer\"><noscript><img decoding=\"async\" src=\"https:\/\/zeniratelier.com\/wp-content\/uploads\/revslider\/home-6\/blonde_and_house1.jpg\" alt=\"\" title=\"blonde_and_house1.jpg\"><\/noscript><\/sr7-bg>\n\t\t\t\t\t\t\t<sr7-txt id=\"SR7_1_1-1-1\" class=\"sr7-layer\">SUMMER '19<\/sr7-txt>\n\t\t\t\t\t\t\t<sr7-txt id=\"SR7_1_1-1-2\" class=\"sr7-layer\">New Arrivals<\/sr7-txt>\n\t\t\t\t\t\t\t<a id=\"SR7_1_1-1-3\" class=\"sr7-layer\" href=\"#\" target=\"_self\">Explore Now<\/a>\n\t\t\t\t\t\t<\/sr7-slide>\n\t\t\t\t\t\t<sr7-slide id=\"SR7_1_1-2\" data-key=\"2\">\n\t\t\t\t\t\t\t<sr7-bg id=\"SR7_1_1-2-4\" class=\"sr7-layer\"><noscript><img decoding=\"async\" src=\"https:\/\/zeniratelier.com\/wp-content\/uploads\/revslider\/home-6\/guy_and_leaves1.jpg\" alt=\"\" title=\"guy_and_leaves1.jpg\"><\/noscript><\/sr7-bg>\n\t\t\t\t\t\t\t<sr7-txt id=\"SR7_1_1-2-1\" class=\"sr7-layer\">FRESH COLORS<\/sr7-txt>\n\t\t\t\t\t\t\t<sr7-txt id=\"SR7_1_1-2-2\" class=\"sr7-layer\">Beach Collection<\/sr7-txt>\n\t\t\t\t\t\t\t<a id=\"SR7_1_1-2-3\" class=\"sr7-layer\" href=\"#\" target=\"_self\">Explore Now<\/a>\n\t\t\t\t\t\t<\/sr7-slide>\n\t\t\t\t\t\t<sr7-slide id=\"SR7_1_1-3\" data-key=\"3\">\n\t\t\t\t\t\t\t<sr7-bg id=\"SR7_1_1-3-4\" class=\"sr7-layer\"><noscript><img decoding=\"async\" src=\"https:\/\/zeniratelier.com\/wp-content\/uploads\/revslider\/home-6\/roof_dancing1.jpg\" alt=\"\" title=\"roof_dancing1.jpg\"><\/noscript><\/sr7-bg>\n\t\t\t\t\t\t\t<sr7-txt id=\"SR7_1_1-3-1\" class=\"sr7-layer\">SUMMER LOOKS<\/sr7-txt>\n\t\t\t\t\t\t\t<sr7-txt id=\"SR7_1_1-3-2\" class=\"sr7-layer\">Light Shades<\/sr7-txt>\n\t\t\t\t\t\t\t<a id=\"SR7_1_1-3-3\" class=\"sr7-layer\" href=\"#\" target=\"_self\">Explore Now<\/a>\n\t\t\t\t\t\t<\/sr7-slide>\n\t\t\t\t\t\t<sr7-slide id=\"SR7_1_1-4\" data-key=\"4\">\n\t\t\t\t\t\t\t<sr7-txt id=\"SR7_1_1-4-12\" class=\"sr7-layer\"><svg xmlns=\"http:\/\/www.w3.org\/2000\/svg\" width=\"40\" height=\"40\" viewBox=\"0 0 24 24\" fill=\"none\" stroke=\"currentColor\" stroke-width=\"1\" stroke-linecap=\"round\" stroke-linejoin=\"round\" class=\"feather feather-arrow-down-circle\"><circle cx=\"12\" cy=\"12\" r=\"10\"><\/circle><polyline points=\"8 12 12 16 16 12\"><\/polyline><line x1=\"12\" y1=\"8\" x2=\"12\" y2=\"16\"><\/line><\/svg><\/sr7-txt>\n\t\t\t\t\t\t<\/sr7-slide>\n\t\t\t\t\t<\/sr7-content>\n\t\t\t\t\t<image_lists style=\"display:none\">\n\t\t\t\t\t\t<img data-src=\"\/\/zeniratelier.com\/wp-content\/uploads\/revslider\/home-6\/blonde_and_house1.jpg\" data-libid=\"4056\" title=\"blonde_and_house1.jpg\" width=\"0\" height=\"0\" data-dbsrc=\"Ly96ZW5pcmF0ZWxpZXIuY29tL3dwLWNvbnRlbnQvdXBsb2Fkcy9yZXZzbGlkZXIvaG9tZS02L2Jsb25kZV9hbmRfaG91c2UxLmpwZw==\"\/>\n\t\t\t\t\t\t<img data-src=\"\/\/zeniratelier.com\/wp-content\/uploads\/revslider\/home-6\/guy_and_leaves1.jpg\" data-libid=\"4057\" title=\"guy_and_leaves1.jpg\" width=\"0\" height=\"0\" data-dbsrc=\"Ly96ZW5pcmF0ZWxpZXIuY29tL3dwLWNvbnRlbnQvdXBsb2Fkcy9yZXZzbGlkZXIvaG9tZS02L2d1eV9hbmRfbGVhdmVzMS5qcGc=\"\/>\n\t\t\t\t\t\t<img data-src=\"\/\/zeniratelier.com\/wp-content\/uploads\/revslider\/home-6\/roof_dancing1.jpg\" data-libid=\"4058\" title=\"roof_dancing1.jpg\" width=\"0\" height=\"0\" data-dbsrc=\"Ly96ZW5pcmF0ZWxpZXIuY29tL3dwLWNvbnRlbnQvdXBsb2Fkcy9yZXZzbGlkZXIvaG9tZS02L3Jvb2ZfZGFuY2luZzEuanBn\"\/>\n\t\t\t\t\t<\/image_lists>\n\t\t\t\t<\/sr7-module>\n\t\t\t\t<script>\n\t\t\t\t\tSR7.PMH ??={}; SR7.PMH[\"SR7_1_1\"] = {cn:100,state:false,fn: function() { if (_tpt!==undefined && _tpt.prepareModuleHeight !== undefined) {  _tpt.prepareModuleHeight({id:\"SR7_1_1\",el:[972,972,768,960,720],type:'standard',shdw:'0',gh:[972,972,768,960,720],gw:[1390,1390,990,750,480],vpt:['-100px&#039;,&#039;-100px&#039;,&#039;-100px&#039;,&#039;-100px&#039;,&#039;-100px'],size:{fullWidth:true, fullHeight:true},fho:'.top-bar,',mh:'0',onh:0,onw:0,bg:{color:'{\"orig\":\"transparent\",\"type\":\"solid\",\"string\":\"transparent\"}'},plType:'2',plColor:'#FFFFFF'});   SR7.PMH[\"SR7_1_1\"].state=true;} else if(SR7.PMH[\"SR7_1_1\"].cn-->0)\tsetTimeout( SR7.PMH[\"SR7_1_1\"].fn,19);}};SR7.PMH[\"SR7_1_1\" ].fn();\n\t\t\t\t<\/script>\n[\/vc_column][\/vc_row][vc_row css=&#8221;.vc_custom_1579114134724{padding-top: 60px !important;}&#8221;][vc_column width=&#8221;1\/2&#8243;]\r\n\t\t<div class=\"et-banner-69e1a10364fc8 et-banner content-boxed  image-type-fluid text-color-dark hover-effect hover-border \" ><img loading=\"lazy\" decoding=\"async\" width=\"1536\" height=\"1024\" src=\"https:\/\/zeniratelier.com\/wp-content\/uploads\/2026\/01\/banner3.png\" class=\"et-banner-main-image\" alt=\"\" sizes=\"auto, (max-width: 1536px) 100vw, 1536px\" srcset=\"https:\/\/zeniratelier.com\/wp-content\/uploads\/2026\/01\/banner3.png 1536w, https:\/\/zeniratelier.com\/wp-content\/uploads\/2026\/01\/banner3-300x200.png 300w, https:\/\/zeniratelier.com\/wp-content\/uploads\/2026\/01\/banner3-1024x683.png 1024w, https:\/\/zeniratelier.com\/wp-content\/uploads\/2026\/01\/banner3-768x512.png 768w, https:\/\/zeniratelier.com\/wp-content\/uploads\/2026\/01\/banner3-150x100.png 150w, https:\/\/zeniratelier.com\/wp-content\/uploads\/2026\/01\/banner3-450x300.png 450w, https:\/\/zeniratelier.com\/wp-content\/uploads\/2026\/01\/banner3-900x600.png 900w\" \/>\r\n\t\t<\/div>[vc_column_text css=&#8221;&#8221;]ZEN\u0130R ATEL\u0130ER<\/p>\n<p>&nbsp;<\/p>\n<p>Ger\u00e7ek derinin e\u015fsiz d\u00fcnyas\u0131yla tan\u0131\u015f\u0131n.<\/p>\n<p>S\u0131n\u0131rl\u0131 say\u0131da \u00fcretim&#8230;<\/p>\n<p>El i\u015f\u00e7ili\u011fi&#8230;<\/p>\n<p>Kalitenin yeni ad\u0131&#8230;[\/vc_column_text][\/vc_column][vc_column width=&#8221;1\/2&#8243;]\t\t<div id=\"et-button-69e1a103654c8\" class=\"et_btn_align_left \">\n\t\t\t<a href=\"https:\/\/zeniratelier.com\/?page_id=4045\" class=\" et_btn button et_btn_md solid color-   \"  role=\"button\" title=\"Shop\" ><span>G\u0130T<\/span><\/a>\n\t\t<\/div>\n\t\t\n\t\r\n\t\t<div class=\"et-banner-69e1a10365561 et-banner content-boxed  image-type-fluid text-color-dark hover-effect hover-border \" ><a href=\"https:\/\/zeniratelier.com\/?page_id=129\" class=\"et-banner-link et-banner-link-full\"><img loading=\"lazy\" decoding=\"async\" width=\"427\" height=\"640\" src=\"https:\/\/zeniratelier.com\/wp-content\/uploads\/2026\/04\/1504-2.png\" class=\"et-banner-main-image\" alt=\"\" sizes=\"auto, (max-width: 427px) 100vw, 427px\" srcset=\"https:\/\/zeniratelier.com\/wp-content\/uploads\/2026\/04\/1504-2.png 427w, https:\/\/zeniratelier.com\/wp-content\/uploads\/2026\/04\/1504-2-200x300.png 200w, https:\/\/zeniratelier.com\/wp-content\/uploads\/2026\/04\/1504-2-100x150.png 100w\" \/><\/a>\r\n\t\t<\/div>[\/vc_column][\/vc_row][vc_row css=&#8221;.vc_custom_1579114145451{padding-bottom: 60px !important;}&#8221;][vc_column][\/vc_column][\/vc_row][vc_row et_full_width=&#8221;true&#8221; css=&#8221;.vc_custom_1579113105083{padding-top: 60px !important;padding-bottom: 40px !important;background-color: #f2f2f2 !important;}&#8221;][vc_column][\/vc_column][\/vc_row][vc_row][vc_column][vc_separator][\/vc_column][\/vc_row]\n<\/div>","protected":false},"excerpt":{"rendered":"<p>[vc_row et_full_width=&#8221;true&#8221; et_row_padding=&#8221;true&#8221;][vc_column][\/vc_column][\/vc_row][vc_row et_full_width=&#8221;true&#8221; et_row_padding=&#8221;true&#8221; disable_element=&#8221;yes&#8221;][vc_column][\/vc_column][\/vc_row][vc_row css=&#8221;.vc_custom_1579114134724{padding-top: 60px !important;}&#8221;][vc_column width=&#8221;1\/2&#8243;][vc_column_text css=&#8221;&#8221;]ZEN\u0130R ATEL\u0130ER &nbsp; Ger\u00e7ek derinin e\u015fsiz d\u00fcnyas\u0131yla tan\u0131\u015f\u0131n. S\u0131n\u0131rl\u0131 say\u0131da \u00fcretim&#8230; El i\u015f\u00e7ili\u011fi&#8230; Kalitenin yeni ad\u0131&#8230;[\/vc_column_text][\/vc_column][vc_column width=&#8221;1\/2&#8243;][\/vc_column][\/vc_row][vc_row css=&#8221;.vc_custom_1579114145451{padding-bottom: 60px !important;}&#8221;][vc_column][\/vc_column][\/vc_row][vc_row et_full_width=&#8221;true&#8221; css=&#8221;.vc_custom_1579113105083{padding-top: 60px !important;padding-bottom: 40px !important;background-color: #f2f2f2 !important;}&#8221;][vc_column][\/vc_column][\/vc_row][vc_row][vc_column][vc_separator][\/vc_column][\/vc_row]<\/p>\n","protected":false},"author":1,"featured_media":0,"parent":0,"menu_order":0,"comment_status":"closed","ping_status":"closed","template":"","meta":{"footnotes":""},"class_list":["post-1618","page","type-page","status-publish","hentry"],"jetpack_sharing_enabled":true,"_links":{"self":[{"href":"https:\/\/zeniratelier.com\/index.php?rest_route=\/wp\/v2\/pages\/1618","targetHints":{"allow":["GET"]}}],"collection":[{"href":"https:\/\/zeniratelier.com\/index.php?rest_route=\/wp\/v2\/pages"}],"about":[{"href":"https:\/\/zeniratelier.com\/index.php?rest_route=\/wp\/v2\/types\/page"}],"author":[{"embeddable":true,"href":"https:\/\/zeniratelier.com\/index.php?rest_route=\/wp\/v2\/users\/1"}],"replies":[{"embeddable":true,"href":"https:\/\/zeniratelier.com\/index.php?rest_route=%2Fwp%2Fv2%2Fcomments&post=1618"}],"version-history":[{"count":2,"href":"https:\/\/zeniratelier.com\/index.php?rest_route=\/wp\/v2\/pages\/1618\/revisions"}],"predecessor-version":[{"id":4249,"href":"https:\/\/zeniratelier.com\/index.php?rest_route=\/wp\/v2\/pages\/1618\/revisions\/4249"}],"wp:attachment":[{"href":"https:\/\/zeniratelier.com\/index.php?rest_route=%2Fwp%2Fv2%2Fmedia&parent=1618"}],"curies":[{"name":"wp","href":"https:\/\/api.w.org\/{rel}","templated":true}]}}