{"id":4222,"date":"2026-04-14T18:09:09","date_gmt":"2026-04-14T18:09:09","guid":{"rendered":"https:\/\/zeniratelier.com\/?post_type=product&#038;p=4222"},"modified":"2026-04-15T18:28:26","modified_gmt":"2026-04-15T18:28:26","slug":"orbit","status":"publish","type":"product","link":"https:\/\/zeniratelier.com\/?product=orbit","title":{"rendered":"Orbit"},"content":{"rendered":"<p>%100 dana derisiden \u00fcretilen Orbit, d\u0131\u015f\u0131 italyan bask\u0131 deri olup i\u00e7i yumu\u015fac\u0131k nubuk deriden yap\u0131lm\u0131\u015ft\u0131r.<\/p>\n<p>\u00dcr\u00fcnlerimizin tamam\u0131 el yap\u0131m\u0131 olup her bir dokunu\u015funda zarafeti ta\u015f\u0131man\u0131z tasarlanm\u0131\u015ft\u0131r.<\/p>\n","protected":false},"excerpt":{"rendered":"<p>%100 dana derisiden \u00fcretilen \u00a0Orbit, d\u0131\u015f\u0131 italyan bask\u0131 deri olup i\u00e7i yumu\u015fac\u0131k nubuk deriden yap\u0131lm\u0131\u015ft\u0131r.<\/p>\n<p>\u00dcr\u00fcnlerimizin tamam\u0131 el yap\u0131m\u0131 olup her bir dokunu\u015funda zarafeti ta\u015f\u0131man\u0131z tasarlanm\u0131\u015ft\u0131r.<\/p>\n","protected":false},"featured_media":4253,"comment_status":"open","ping_status":"closed","template":"","meta":[],"product_brand":[],"product_cat":[54],"product_tag":[71,70,72,69,74,73],"class_list":{"0":"post-4222","1":"product","2":"type-product","3":"status-publish","4":"has-post-thumbnail","6":"product_cat-kadin","7":"product_tag-canta","8":"product_tag-deri","9":"product_tag-kadin","10":"product_tag-leather","11":"product_tag-luks","12":"product_tag-luxury","14":"first","15":"instock","16":"shipping-taxable","17":"purchasable","18":"product-type-simple"},"jetpack_sharing_enabled":true,"_links":{"self":[{"href":"https:\/\/zeniratelier.com\/index.php?rest_route=\/wp\/v2\/product\/4222","targetHints":{"allow":["GET"]}}],"collection":[{"href":"https:\/\/zeniratelier.com\/index.php?rest_route=\/wp\/v2\/product"}],"about":[{"href":"https:\/\/zeniratelier.com\/index.php?rest_route=\/wp\/v2\/types\/product"}],"replies":[{"embeddable":true,"href":"https:\/\/zeniratelier.com\/index.php?rest_route=%2Fwp%2Fv2%2Fcomments&post=4222"}],"wp:featuredmedia":[{"embeddable":true,"href":"https:\/\/zeniratelier.com\/index.php?rest_route=\/wp\/v2\/media\/4253"}],"wp:attachment":[{"href":"https:\/\/zeniratelier.com\/index.php?rest_route=%2Fwp%2Fv2%2Fmedia&parent=4222"}],"wp:term":[{"taxonomy":"product_brand","embeddable":true,"href":"https:\/\/zeniratelier.com\/index.php?rest_route=%2Fwp%2Fv2%2Fproduct_brand&post=4222"},{"taxonomy":"product_cat","embeddable":true,"href":"https:\/\/zeniratelier.com\/index.php?rest_route=%2Fwp%2Fv2%2Fproduct_cat&post=4222"},{"taxonomy":"product_tag","embeddable":true,"href":"https:\/\/zeniratelier.com\/index.php?rest_route=%2Fwp%2Fv2%2Fproduct_tag&post=4222"}],"curies":[{"name":"wp","href":"https:\/\/api.w.org\/{rel}","templated":true}]}}