{"id":4254,"date":"2026-04-15T18:36:05","date_gmt":"2026-04-15T18:36:05","guid":{"rendered":"https:\/\/zeniratelier.com\/?post_type=product&#038;p=4254"},"modified":"2026-04-15T18:45:07","modified_gmt":"2026-04-15T18:45:07","slug":"spica","status":"publish","type":"product","link":"https:\/\/zeniratelier.com\/?product=spica","title":{"rendered":"Spica"},"content":{"rendered":"<p>%100 dana derisiden \u00fcretilen\u00a0 Spica, 6 b\u00f6lmeli kartl\u0131k alan\u0131 ve bir banknot alan\u0131 sunmaktad\u0131r.<\/p>\n<p>\u00dcr\u00fcnlerimizin tamam\u0131 el yap\u0131m\u0131 olup her bir dokunu\u015funda zarafeti ta\u015f\u0131man\u0131z tasarlanm\u0131\u015ft\u0131r.<\/p>\n","protected":false},"excerpt":{"rendered":"<p>%100 dana derisiden \u00fcretilen\u00a0 Spica, 6 b\u00f6lmeli kartl\u0131k alan\u0131 ve bir banknot alan\u0131 sunmaktad\u0131r. \u00dcr\u00fcnlerimizin tamam\u0131 el yap\u0131m\u0131 olup her bir dokunu\u015funda zarafeti ta\u015f\u0131man\u0131z tasarlanm\u0131\u015ft\u0131r.<\/p>\n","protected":false},"featured_media":4256,"comment_status":"open","ping_status":"closed","template":"","meta":[],"product_brand":[],"product_cat":[15],"product_tag":[],"class_list":{"0":"post-4254","1":"product","2":"type-product","3":"status-publish","4":"has-post-thumbnail","6":"product_cat-uncategorized","8":"first","9":"instock","10":"shipping-taxable","11":"purchasable","12":"product-type-simple"},"jetpack_sharing_enabled":true,"_links":{"self":[{"href":"https:\/\/zeniratelier.com\/index.php?rest_route=\/wp\/v2\/product\/4254","targetHints":{"allow":["GET"]}}],"collection":[{"href":"https:\/\/zeniratelier.com\/index.php?rest_route=\/wp\/v2\/product"}],"about":[{"href":"https:\/\/zeniratelier.com\/index.php?rest_route=\/wp\/v2\/types\/product"}],"replies":[{"embeddable":true,"href":"https:\/\/zeniratelier.com\/index.php?rest_route=%2Fwp%2Fv2%2Fcomments&post=4254"}],"wp:featuredmedia":[{"embeddable":true,"href":"https:\/\/zeniratelier.com\/index.php?rest_route=\/wp\/v2\/media\/4256"}],"wp:attachment":[{"href":"https:\/\/zeniratelier.com\/index.php?rest_route=%2Fwp%2Fv2%2Fmedia&parent=4254"}],"wp:term":[{"taxonomy":"product_brand","embeddable":true,"href":"https:\/\/zeniratelier.com\/index.php?rest_route=%2Fwp%2Fv2%2Fproduct_brand&post=4254"},{"taxonomy":"product_cat","embeddable":true,"href":"https:\/\/zeniratelier.com\/index.php?rest_route=%2Fwp%2Fv2%2Fproduct_cat&post=4254"},{"taxonomy":"product_tag","embeddable":true,"href":"https:\/\/zeniratelier.com\/index.php?rest_route=%2Fwp%2Fv2%2Fproduct_tag&post=4254"}],"curies":[{"name":"wp","href":"https:\/\/api.w.org\/{rel}","templated":true}]}}