{"id":4272,"date":"2026-04-15T19:19:44","date_gmt":"2026-04-15T19:19:44","guid":{"rendered":"https:\/\/zeniratelier.com\/?post_type=product&#038;p=4272"},"modified":"2026-04-15T19:19:45","modified_gmt":"2026-04-15T19:19:45","slug":"pars","status":"publish","type":"product","link":"https:\/\/zeniratelier.com\/?product=pars","title":{"rendered":"Pars"},"content":{"rendered":"<p>%100 dana derisiden \u00fcretilen Pars, d\u0131\u015f\u0131 italyan deri olup i\u00e7i yumu\u015fac\u0131k nubuk deriden yap\u0131lm\u0131\u015ft\u0131r.<\/p>\n<p>\u00d6n detaylar\u0131 s\u00fcet deri ile harmanlanm\u0131\u015ft\u0131r<\/p>\n<p>\u00dcr\u00fcnlerimizin tamam\u0131 el yap\u0131m\u0131 olup her bir dokunu\u015funda zarafeti ta\u015f\u0131man\u0131z tasarlanm\u0131\u015ft\u0131r.<\/p>\n","protected":false},"excerpt":{"rendered":"<p>%100 dana derisiden \u00fcretilen Pars, d\u0131\u015f\u0131 italyan deri olup i\u00e7i yumu\u015fac\u0131k nubuk deriden yap\u0131lm\u0131\u015ft\u0131r. \u00d6n detaylar\u0131 s\u00fcet deri ile harmanlanm\u0131\u015ft\u0131r \u00dcr\u00fcnlerimizin tamam\u0131 el yap\u0131m\u0131 olup her bir dokunu\u015funda zarafeti ta\u015f\u0131man\u0131z tasarlanm\u0131\u015ft\u0131r.<\/p>\n","protected":false},"featured_media":4273,"comment_status":"open","ping_status":"closed","template":"","meta":[],"product_brand":[],"product_cat":[37],"product_tag":[71,70,76,69,74,73],"class_list":{"0":"post-4272","1":"product","2":"type-product","3":"status-publish","4":"has-post-thumbnail","6":"product_cat-erkek","7":"product_tag-canta","8":"product_tag-deri","9":"product_tag-erkek","10":"product_tag-leather","11":"product_tag-luks","12":"product_tag-luxury","14":"first","15":"instock","16":"shipping-taxable","17":"purchasable","18":"product-type-simple"},"jetpack_sharing_enabled":true,"_links":{"self":[{"href":"https:\/\/zeniratelier.com\/index.php?rest_route=\/wp\/v2\/product\/4272","targetHints":{"allow":["GET"]}}],"collection":[{"href":"https:\/\/zeniratelier.com\/index.php?rest_route=\/wp\/v2\/product"}],"about":[{"href":"https:\/\/zeniratelier.com\/index.php?rest_route=\/wp\/v2\/types\/product"}],"replies":[{"embeddable":true,"href":"https:\/\/zeniratelier.com\/index.php?rest_route=%2Fwp%2Fv2%2Fcomments&post=4272"}],"wp:featuredmedia":[{"embeddable":true,"href":"https:\/\/zeniratelier.com\/index.php?rest_route=\/wp\/v2\/media\/4273"}],"wp:attachment":[{"href":"https:\/\/zeniratelier.com\/index.php?rest_route=%2Fwp%2Fv2%2Fmedia&parent=4272"}],"wp:term":[{"taxonomy":"product_brand","embeddable":true,"href":"https:\/\/zeniratelier.com\/index.php?rest_route=%2Fwp%2Fv2%2Fproduct_brand&post=4272"},{"taxonomy":"product_cat","embeddable":true,"href":"https:\/\/zeniratelier.com\/index.php?rest_route=%2Fwp%2Fv2%2Fproduct_cat&post=4272"},{"taxonomy":"product_tag","embeddable":true,"href":"https:\/\/zeniratelier.com\/index.php?rest_route=%2Fwp%2Fv2%2Fproduct_tag&post=4272"}],"curies":[{"name":"wp","href":"https:\/\/api.w.org\/{rel}","templated":true}]}}